{"id":83,"date":"2024-12-04T01:18:53","date_gmt":"2024-12-04T01:18:53","guid":{"rendered":"https:\/\/osc.assoc.ro\/management\/?page_id=83"},"modified":"2024-12-04T01:41:31","modified_gmt":"2024-12-04T01:41:31","slug":"dezvoltarea-unei-strategii-de-digitalizare","status":"publish","type":"page","link":"https:\/\/osc.assoc.ro\/management\/dezvoltarea-unei-strategii-de-digitalizare\/","title":{"rendered":"Dezvoltarea unei strategii de digitalizare"},"content":{"rendered":"\t\t<div data-elementor-type=\"wp-page\" data-elementor-id=\"83\" class=\"elementor elementor-83\" data-elementor-post-type=\"page\">\n\t\t\t\t<div class=\"elementor-element elementor-element-8e0aeed e-flex e-con-boxed e-con e-parent\" data-id=\"8e0aeed\" data-element_type=\"container\" data-e-type=\"container\" data-settings=\"{&quot;background_background&quot;:&quot;classic&quot;}\">\n\t\t\t\t\t<div class=\"e-con-inner\">\n\t\t\t\t<div class=\"elementor-element elementor-element-5a2660db elementor-widget elementor-widget-heading\" data-id=\"5a2660db\" data-element_type=\"widget\" data-e-type=\"widget\" data-widget_type=\"heading.default\">\n\t\t\t\t<div class=\"elementor-widget-container\">\n\t\t\t\t\t<h1 class=\"elementor-heading-title elementor-size-default\">Dezvoltarea unei strategii de digitalizare<\/h1>\t\t\t\t<\/div>\n\t\t\t\t<\/div>\n\t\t\t\t\t<\/div>\n\t\t\t\t<\/div>\n\t\t<div class=\"elementor-element elementor-element-35ac54cf e-flex e-con-boxed e-con e-parent\" data-id=\"35ac54cf\" data-element_type=\"container\" data-e-type=\"container\">\n\t\t\t\t\t<div class=\"e-con-inner\">\n\t\t\t\t<div class=\"elementor-element elementor-element-60e3b27a elementor-widget elementor-widget-text-editor\" data-id=\"60e3b27a\" data-element_type=\"widget\" data-e-type=\"widget\" data-widget_type=\"text-editor.default\">\n\t\t\t\t<div class=\"elementor-widget-container\">\n\t\t\t\t\t\t\t\t\t<p>Completeaz\u0103 formularul de mai jos \u0219i te vom ajuta cu elaborarea unei strategii de transformare digital\u0103 care s\u0103 cuprind\u0103 etapele de implementare a tehnologiilor digitale pentru gestionarea proiectelor, comunicarea intern\u0103 \u0219i extern\u0103, precum \u0219i administrarea resurselor, integrarea planului de management \u00een strategia de digitizare.<\/p>\t\t\t\t\t\t\t\t<\/div>\n\t\t\t\t<\/div>\n\t\t\t\t<div class=\"elementor-element elementor-element-7eddfa37 elementor-button-align-stretch elementor-widget elementor-widget-form\" data-id=\"7eddfa37\" data-element_type=\"widget\" data-e-type=\"widget\" data-settings=\"{&quot;step_next_label&quot;:&quot;Next&quot;,&quot;step_previous_label&quot;:&quot;Previous&quot;,&quot;button_width&quot;:&quot;100&quot;,&quot;step_type&quot;:&quot;number_text&quot;,&quot;step_icon_shape&quot;:&quot;circle&quot;}\" data-widget_type=\"form.default\">\n\t\t\t\t<div class=\"elementor-widget-container\">\n\t\t\t\t\t\t\t<form class=\"elementor-form\" method=\"post\" name=\"New Form\" aria-label=\"New Form\">\n\t\t\t<input type=\"hidden\" name=\"post_id\" value=\"83\"\/>\n\t\t\t<input type=\"hidden\" name=\"form_id\" value=\"7eddfa37\"\/>\n\t\t\t<input type=\"hidden\" name=\"referer_title\" value=\"Dezvoltarea unei strategii de digitalizare\" \/>\n\n\t\t\t\t\t\t\t<input type=\"hidden\" name=\"queried_id\" value=\"83\"\/>\n\t\t\t\n\t\t\t<div class=\"elementor-form-fields-wrapper elementor-labels-\">\n\t\t\t\t\t\t\t\t<div class=\"elementor-field-type-text elementor-field-group elementor-column elementor-field-group-name elementor-col-33 elementor-field-required\">\n\t\t\t\t\t\t\t\t\t\t\t\t<label for=\"form-field-name\" class=\"elementor-field-label elementor-screen-only\">\n\t\t\t\t\t\t\t\tNume\t\t\t\t\t\t\t<\/label>\n\t\t\t\t\t\t\t\t\t\t\t\t\t\t<input size=\"1\" type=\"text\" name=\"form_fields[name]\" id=\"form-field-name\" class=\"elementor-field elementor-size-md  elementor-field-textual\" placeholder=\"Nume \u0219i Prenume\" required=\"required\">\n\t\t\t\t\t\t\t\t\t\t\t<\/div>\n\t\t\t\t\t\t\t\t<div class=\"elementor-field-type-email elementor-field-group elementor-column elementor-field-group-email elementor-col-33 elementor-field-required\">\n\t\t\t\t\t\t\t\t\t\t\t\t<label for=\"form-field-email\" class=\"elementor-field-label elementor-screen-only\">\n\t\t\t\t\t\t\t\tEmail\t\t\t\t\t\t\t<\/label>\n\t\t\t\t\t\t\t\t\t\t\t\t\t\t<input size=\"1\" type=\"email\" name=\"form_fields[email]\" id=\"form-field-email\" class=\"elementor-field elementor-size-md  elementor-field-textual\" placeholder=\"Email\" required=\"required\">\n\t\t\t\t\t\t\t\t\t\t\t<\/div>\n\t\t\t\t\t\t\t\t<div class=\"elementor-field-type-text elementor-field-group elementor-column elementor-field-group-field_240210d elementor-col-33 elementor-field-required\">\n\t\t\t\t\t\t\t\t\t\t\t\t<label for=\"form-field-field_240210d\" class=\"elementor-field-label elementor-screen-only\">\n\t\t\t\t\t\t\t\tTelefon\t\t\t\t\t\t\t<\/label>\n\t\t\t\t\t\t\t\t\t\t\t\t\t\t<input size=\"1\" type=\"text\" name=\"form_fields[field_240210d]\" id=\"form-field-field_240210d\" class=\"elementor-field elementor-size-md  elementor-field-textual\" placeholder=\"Num\u0103r de telefon\" required=\"required\">\n\t\t\t\t\t\t\t\t\t\t\t<\/div>\n\t\t\t\t\t\t\t\t<div class=\"elementor-field-type-textarea elementor-field-group elementor-column elementor-field-group-field_941519f elementor-col-100\">\n\t\t\t\t\t\t\t\t\t\t\t\t<label for=\"form-field-field_941519f\" class=\"elementor-field-label elementor-screen-only\">\n\t\t\t\t\t\t\t\tMesaj\t\t\t\t\t\t\t<\/label>\n\t\t\t\t\t\t<textarea class=\"elementor-field-textual elementor-field  elementor-size-md\" name=\"form_fields[field_941519f]\" id=\"form-field-field_941519f\" rows=\"4\" placeholder=\"Completeaz\u0103 aici mai multe detalii despre cererea ta\"><\/textarea>\t\t\t\t<\/div>\n\t\t\t\t\t\t\t\t<div class=\"elementor-field-type-acceptance elementor-field-group elementor-column elementor-field-group-field_30c51d8 elementor-col-100 elementor-field-required\">\n\t\t\t\t\t\t\t<div class=\"elementor-field-subgroup\">\n\t\t\t<span class=\"elementor-field-option\">\n\t\t\t\t<input type=\"checkbox\" name=\"form_fields[field_30c51d8]\" id=\"form-field-field_30c51d8\" class=\"elementor-field elementor-size-md  elementor-acceptance-field\" required=\"required\">\n\t\t\t\t<label for=\"form-field-field_30c51d8\">Prin transmiterea acestui formular confirm c\u0103 am citit \u0219i sunt de acord cu prevederile enun\u021bate \u00een politica de confiden\u021bialitate a datelor cu caracter personal.<\/label>\t\t\t<\/span>\n\t\t<\/div>\n\t\t\t\t\t\t<\/div>\n\t\t\t\t\t\t\t\t<div class=\"elementor-field-group elementor-column elementor-field-type-submit elementor-col-100 e-form__buttons\">\n\t\t\t\t\t<button class=\"elementor-button elementor-size-md\" type=\"submit\">\n\t\t\t\t\t\t<span class=\"elementor-button-content-wrapper\">\n\t\t\t\t\t\t\t\t\t\t\t\t\t\t\t\t\t\t\t\t\t\t<span class=\"elementor-button-text\">TRIMITE CEREREA<\/span>\n\t\t\t\t\t\t\t\t\t\t\t\t\t<\/span>\n\t\t\t\t\t<\/button>\n\t\t\t\t<\/div>\n\t\t\t<\/div>\n\t\t<\/form>\n\t\t\t\t\t\t<\/div>\n\t\t\t\t<\/div>\n\t\t\t\t\t<\/div>\n\t\t\t\t<\/div>\n\t\t<div class=\"elementor-element elementor-element-14cbd5ae e-flex e-con-boxed e-con e-parent\" data-id=\"14cbd5ae\" data-element_type=\"container\" data-e-type=\"container\">\n\t\t\t\t\t<div class=\"e-con-inner\">\n\t\t\t\t<div class=\"elementor-element elementor-element-42a13c3a elementor-widget elementor-widget-heading\" data-id=\"42a13c3a\" data-element_type=\"widget\" data-e-type=\"widget\" data-widget_type=\"heading.default\">\n\t\t\t\t<div class=\"elementor-widget-container\">\n\t\t\t\t\t<h2 class=\"elementor-heading-title elementor-size-default\">RESURSE UTILE<\/h2>\t\t\t\t<\/div>\n\t\t\t\t<\/div>\n\t\t\t\t<div class=\"elementor-element elementor-element-6ac9a6ac elementor-widget elementor-widget-fivo_docs\" data-id=\"6ac9a6ac\" data-element_type=\"widget\" data-e-type=\"widget\" data-widget_type=\"fivo_docs.default\">\n\t\t\t\t<div class=\"elementor-widget-container\">\n\t\t\t\t\t\n<fivo-docs class=\"fivo-docs\" data-fivo-docs-style=\"list-table\" data-fivo-docs-boxed=\"true\" data-fivo-docs-filters=\"false\" data-fivo-docs-pagination=\"false\" data-fivo-docs-pagination-per-page=\"10\" data-fivo-docs-scroll-offset=\"0\" data-fivo-docs-use-theme-fonts=\"true\">\n\n\t\n\t<div class=\"fivo-docs-list-table\">\n\t\t<table class=\"fivo-docs-table\">\n\t\t\t<thead>\n\t\t\t\t<tr>\n\t\t\t\t\t<th data-fivo-docs-column=\"name\">Nume<\/th>\n\t\t\t\t\t<th data-fivo-docs-column=\"size\">Dimensiune<\/th>\n\t\t\t\t\t\t\t\t\t\t\t<th data-fivo-docs-column=\"type\">Tip fi\u0219ier<\/th>\n\t\t\t\t\t\t\t\t\t\t\t<th data-fivo-docs-column=\"category\">Categorie<\/th>\n\t\t\t\t\t\t\t\t\t<\/tr>\n\t\t\t<\/thead>\n\t\t\t<tbody>\n\t\t\t\t\t\t\t\t\t<tr\n\t\t\t\t\t\tdata-fivo-docs-filter-index=\"0\"\n\t\t\t\t\t\tdata-fivo-docs-filter-size=\"76986\"\n\t\t\t\t\t\tdata-fivo-docs-filter-type=\"doc\"\n\t\t\t\t\t\tdata-fivo-docs-filter-category=\"evaluareanevoilororganizaionale\"\n\t\t\t\t\t\tdata-fivo-docs-filter-date=\"2024-12-04\">\n\t\t\t\t\t\t<td data-fivo-docs-column=\"name\">\n\t\t\t\t\t\t\t<a target=\"_blank\" href=\"https:\/\/osc.assoc.ro\/management\/wp-content\/uploads\/2024\/12\/Strategie-digitalizare-OSC.docx\" class=\"fivo-docs-item\">\n\t\t\t\t\t\t\t\t<span class=\"fivo-docs-item-icon fivo-docs-file-icon\" data-fivo-docs-file-type=\"doc\"><span><\/span><\/span>\n\t\t\t\t\t\t\t\t<span class=\"fivo-docs-item-info\">\n\t\t\t\t\t\t\t\t\t<span class=\"fivo-docs-item-title\">Strategie digitalizare OSC<\/span>\n\t\t\t\t\t\t\t\t\t\t\t\t\t\t\t\t\t<\/span>\n\t\t\t\t\t\t\t<\/a>\n\t\t\t\t\t\t<\/td>\n\t\t\t\t\t\t<td data-fivo-docs-column=\"size\">\n\t\t\t\t\t\t\t<span class=\"fivo-docs-item-size\">75,2 Ko<\/span>\n\t\t\t\t\t\t<\/td>\n\t\t\t\t\t\t\t\t\t\t\t\t\t<td data-fivo-docs-column=\"type\">\n\t\t\t\t\t\t\t\t<span class=\"fivo-docs-item-type\">doc<\/span>\n\t\t\t\t\t\t\t<\/td>\n\t\t\t\t\t\t\t\t\t\t\t\t\t<td data-fivo-docs-column=\"category\">\n\t\t\t\t\t\t\t\t<span class=\"fivo-docs-item-category\">Evaluarea nevoilor organiza\u021bionale<\/span>\n\t\t\t\t\t\t\t<\/td>\n\t\t\t\t\t\t\t\t\t\t\t<\/tr>\n\t\t\t\t\t\t\t<\/tbody>\n\t\t<\/table>\n\t<\/div>\n\n\t\n<\/fivo-docs>\n\t\t\t\t<\/div>\n\t\t\t\t<\/div>\n\t\t\t\t\t<\/div>\n\t\t\t\t<\/div>\n\t\t\t\t<\/div>\n\t\t","protected":false},"excerpt":{"rendered":"<p>Completeaz\u0103 formularul de mai jos \u0219i te vom ajuta cu elaborarea unei strategii de transformare digital\u0103 care s\u0103 cuprind\u0103 etapele de implementare a tehnologiilor digitale pentru gestionarea proiectelor, comunicarea intern\u0103 \u0219i extern\u0103, precum \u0219i administrarea resurselor, integrarea planului de management \u00een strategia de digitizare. RESURSE UTILE Nume Dimensiune Tip fi\u0219ier Categorie Strategie digitalizare OSC 75,2 [&hellip;]<\/p>\n","protected":false},"author":1,"featured_media":0,"parent":0,"menu_order":0,"comment_status":"closed","ping_status":"open","template":"","meta":{"_acf_changed":false,"footnotes":""},"class_list":["post-83","page","type-page","status-publish","hentry"],"acf":[],"_links":{"self":[{"href":"https:\/\/osc.assoc.ro\/management\/wp-json\/wp\/v2\/pages\/83","targetHints":{"allow":["GET"]}}],"collection":[{"href":"https:\/\/osc.assoc.ro\/management\/wp-json\/wp\/v2\/pages"}],"about":[{"href":"https:\/\/osc.assoc.ro\/management\/wp-json\/wp\/v2\/types\/page"}],"author":[{"embeddable":true,"href":"https:\/\/osc.assoc.ro\/management\/wp-json\/wp\/v2\/users\/1"}],"replies":[{"embeddable":true,"href":"https:\/\/osc.assoc.ro\/management\/wp-json\/wp\/v2\/comments?post=83"}],"version-history":[{"count":10,"href":"https:\/\/osc.assoc.ro\/management\/wp-json\/wp\/v2\/pages\/83\/revisions"}],"predecessor-version":[{"id":133,"href":"https:\/\/osc.assoc.ro\/management\/wp-json\/wp\/v2\/pages\/83\/revisions\/133"}],"wp:attachment":[{"href":"https:\/\/osc.assoc.ro\/management\/wp-json\/wp\/v2\/media?parent=83"}],"curies":[{"name":"wp","href":"https:\/\/api.w.org\/{rel}","templated":true}]}}