{"id":52,"date":"2024-11-25T12:48:33","date_gmt":"2024-11-25T12:48:33","guid":{"rendered":"https:\/\/osc.assoc.ro\/?page_id=52"},"modified":"2024-12-05T01:24:56","modified_gmt":"2024-12-05T01:24:56","slug":"politica-cookies","status":"publish","type":"page","link":"https:\/\/osc.assoc.ro\/?page_id=52","title":{"rendered":"Politica Cookies"},"content":{"rendered":"\t\t<div data-elementor-type=\"wp-page\" data-elementor-id=\"52\" class=\"elementor elementor-52\" data-elementor-post-type=\"page\">\n\t\t\t\t<div class=\"elementor-element elementor-element-a53cb62 e-flex e-con-boxed e-con e-parent\" data-id=\"a53cb62\" data-element_type=\"container\" data-e-type=\"container\" data-settings=\"{&quot;background_background&quot;:&quot;classic&quot;}\">\n\t\t\t\t\t<div class=\"e-con-inner\">\n\t\t\t\t<div class=\"elementor-element elementor-element-393b73b elementor-widget elementor-widget-heading\" data-id=\"393b73b\" data-element_type=\"widget\" data-e-type=\"widget\" data-widget_type=\"heading.default\">\n\t\t\t\t<div class=\"elementor-widget-container\">\n\t\t\t\t\t<h1 class=\"elementor-heading-title elementor-size-default\">Politica Cookies<\/h1>\t\t\t\t<\/div>\n\t\t\t\t<\/div>\n\t\t\t\t\t<\/div>\n\t\t\t\t<\/div>\n\t\t<div class=\"elementor-element elementor-element-edb9b94 e-flex e-con-boxed e-con e-parent\" data-id=\"edb9b94\" data-element_type=\"container\" data-e-type=\"container\">\n\t\t\t\t\t<div class=\"e-con-inner\">\n\t\t\t\t<div class=\"elementor-element elementor-element-9c01c40 elementor-widget elementor-widget-text-editor\" data-id=\"9c01c40\" data-element_type=\"widget\" data-e-type=\"widget\" data-widget_type=\"text-editor.default\">\n\t\t\t\t<div class=\"elementor-widget-container\">\n\t\t\t\t\t\t\t\t\t<h2><span style=\"font-weight: 400;\"> Introducere<\/span><\/h2><p><span style=\"font-weight: 400;\">Aceast\u0103 politic\u0103 explic\u0103 modul \u00een care utiliz\u0103m cookie-urile pe site-ul nostru<\/span><a href=\"https:\/\/osc.assoc.ro\"><span style=\"font-weight: 400;\"> osc.assoc.ro<\/span><\/a><span style=\"font-weight: 400;\">, scopul acestora \u0219i drepturile tale \u00een leg\u0103tur\u0103 cu utilizarea lor, conform legisla\u021biei \u00een vigoare, inclusiv Regulamentul General privind Protec\u021bia Datelor (GDPR) \u0219i legisla\u021bia rom\u00e2neasc\u0103 aplicabil\u0103.<\/span><\/p><h2><span style=\"font-weight: 400;\">Ce sunt cookie-urile?<\/span><\/h2><p><span style=\"font-weight: 400;\">Cookie-urile sunt fi\u0219iere mici de text stocate pe dispozitivul t\u0103u (PC, laptop, tablet\u0103, telefon mobil) atunci c\u00e2nd accesezi un site web. Acestea permit platformei s\u0103 recunoasc\u0103 dispozitivul t\u0103u \u0219i s\u0103-\u021bi ofere o experien\u021b\u0103 personalizat\u0103.<\/span><\/p><h2>Tipuri de cookie-uri utilizate<\/h2><p><span style=\"font-weight: 400;\">Pe site-ul nostru, utiliz\u0103m urm\u0103toarele tipuri de cookie-uri:<\/span><\/p><ul><li style=\"font-weight: 400;\" aria-level=\"1\"><span style=\"font-weight: 400;\">Cookie-uri esen\u021biale: Acestea sunt necesare pentru func\u021bionarea corect\u0103 a site-ului. F\u0103r\u0103 ele, anumite func\u021bionalit\u0103\u021bi, precum autentificarea sau navigarea \u00een siguran\u021b\u0103, nu vor fi posibile.<\/span><\/li><li style=\"font-weight: 400;\" aria-level=\"1\"><span style=\"font-weight: 400;\">Cookie-uri de performan\u021b\u0103: Ne ajut\u0103 s\u0103 \u00een\u021belegem modul \u00een care utilizatorii interac\u021bioneaz\u0103 cu site-ul nostru, colect\u00e2nd informa\u021bii anonime despre paginile vizitate, timpul petrecut pe site \u0219i erorile \u00eent\u00e2mpinate.<\/span><\/li><li style=\"font-weight: 400;\" aria-level=\"1\"><span style=\"font-weight: 400;\">Cookie-uri func\u021bionale: Acestea re\u021bin preferin\u021bele utilizatorilor, cum ar fi limba selectat\u0103 sau set\u0103rile personalizate, pentru a oferi o experien\u021b\u0103 \u00eembun\u0103t\u0103\u021bit\u0103.<\/span><\/li><li style=\"font-weight: 400;\" aria-level=\"1\"><span style=\"font-weight: 400;\">Cookie-uri de marketing: Acestea sunt utilizate pentru a afi\u0219a reclame relevante \u0219i pentru a analiza eficien\u021ba campaniilor noastre publicitare. De asemenea, pot fi utilizate pentru a adapta con\u021binutul la interesele tale.<\/span><\/li><\/ul><h2>List\u0103 a cookie-urilor utilizate<\/h2><p><span style=\"font-weight: 400;\">Platforma<\/span><a href=\"https:\/\/osc.assoc.ro\"><span style=\"font-weight: 400;\"> osc.assoc.ro<\/span><\/a><span style=\"font-weight: 400;\"> utilizeaz\u0103 urm\u0103toarele cookie-uri:<\/span><\/p><table><tbody><tr><td><span style=\"font-weight: 400;\">Nume Cookie<\/span><\/td><td><span style=\"font-weight: 400;\">Tip<\/span><\/td><td><span style=\"font-weight: 400;\">Scop<\/span><\/td><td><span style=\"font-weight: 400;\">Durat\u0103<\/span><\/td><td><span style=\"font-weight: 400;\">Ter\u021b\u0103 Parte<\/span><\/td><\/tr><tr><td><span style=\"font-weight: 400;\">PHPSESSID<\/span><\/td><td><span style=\"font-weight: 400;\">Esen\u021bial<\/span><\/td><td><span style=\"font-weight: 400;\">Men\u021bine sesiunea utilizatorului activ\u0103 pe durata navig\u0103rii.<\/span><\/td><td><span style=\"font-weight: 400;\">De sesiune<\/span><\/td><td><span style=\"font-weight: 400;\">Nu<\/span><\/td><\/tr><tr><td><span style=\"font-weight: 400;\">_ga<\/span><\/td><td><span style=\"font-weight: 400;\">Performan\u021b\u0103<\/span><\/td><td><span style=\"font-weight: 400;\">Folosit de Google Analytics pentru a distinge utilizatorii unici \u0219i a analiza traficul.<\/span><\/td><td><span style=\"font-weight: 400;\">2 ani<\/span><\/td><td><span style=\"font-weight: 400;\">Google Analytics<\/span><\/td><\/tr><tr><td><span style=\"font-weight: 400;\">_gid<\/span><\/td><td><span style=\"font-weight: 400;\">Performan\u021b\u0103<\/span><\/td><td><span style=\"font-weight: 400;\">Folosit de Google Analytics pentru a stoca informa\u021bii despre paginile vizitate.<\/span><\/td><td><span style=\"font-weight: 400;\">24 ore<\/span><\/td><td><span style=\"font-weight: 400;\">Google Analytics<\/span><\/td><\/tr><tr><td><span style=\"font-weight: 400;\">_gat<\/span><\/td><td><span style=\"font-weight: 400;\">Performan\u021b\u0103<\/span><\/td><td><span style=\"font-weight: 400;\">Limiteaz\u0103 rata solicit\u0103rilor c\u0103tre server.<\/span><\/td><td><span style=\"font-weight: 400;\">1 minut<\/span><\/td><td><span style=\"font-weight: 400;\">Google Analytics<\/span><\/td><\/tr><tr><td><span style=\"font-weight: 400;\">lang<\/span><\/td><td><span style=\"font-weight: 400;\">Func\u021bional<\/span><\/td><td><span style=\"font-weight: 400;\">Stocheaz\u0103 preferin\u021bele privind limba site-ului.<\/span><\/td><td><span style=\"font-weight: 400;\">De sesiune<\/span><\/td><td><span style=\"font-weight: 400;\">Nu<\/span><\/td><\/tr><tr><td><span style=\"font-weight: 400;\">cookie_consent_status<\/span><\/td><td><span style=\"font-weight: 400;\">Func\u021bional<\/span><\/td><td><span style=\"font-weight: 400;\">Re\u021bine preferin\u021bele utilizatorilor cu privire la acceptarea cookie-urilor.<\/span><\/td><td><span style=\"font-weight: 400;\">1 an<\/span><\/td><td><span style=\"font-weight: 400;\">Nu<\/span><\/td><\/tr><tr><td><span style=\"font-weight: 400;\">ads_user_id<\/span><\/td><td><span style=\"font-weight: 400;\">Marketing<\/span><\/td><td><span style=\"font-weight: 400;\">Identific\u0103 utilizatorii pentru personalizarea reclamelor.<\/span><\/td><td><span style=\"font-weight: 400;\">3 luni<\/span><\/td><td><span style=\"font-weight: 400;\">Ter\u021be p\u0103r\u021bi (Google)<\/span><\/td><\/tr><\/tbody><\/table><h2><span style=\"font-weight: 400; font-size: 16px;\">Scopul utiliz\u0103rii cookie-urilor<\/span><\/h2><p><span style=\"font-weight: 400;\">Cookie-urile sunt utilizate pentru:<\/span><\/p><ul><li style=\"font-weight: 400;\" aria-level=\"1\"><span style=\"font-weight: 400;\">Asigurarea func\u021bion\u0103rii corecte a platformei.<\/span><\/li><li style=\"font-weight: 400;\" aria-level=\"1\"><span style=\"font-weight: 400;\">Personalizarea experien\u021bei tale.<\/span><\/li><li style=\"font-weight: 400;\" aria-level=\"1\"><span style=\"font-weight: 400;\">Analize statistice anonime pentru \u00eembun\u0103t\u0103\u021birea site-ului.<\/span><\/li><li style=\"font-weight: 400;\" aria-level=\"1\"><span style=\"font-weight: 400;\">Gestionarea accesului la module precum Platforma de Dialog Online sau Hub-ul Digital.<\/span><\/li><\/ul><h2><span style=\"font-weight: 400;\"> Durata de stocare a cookie-urilor<\/span><\/h2><p><span style=\"font-weight: 400;\">Cookie-urile pot fi:<\/span><\/p><ul><li style=\"font-weight: 400;\" aria-level=\"1\"><span style=\"font-weight: 400;\">De sesiune: Sunt \u0219terse automat dup\u0103 \u00eenchiderea browserului.<\/span><\/li><li style=\"font-weight: 400;\" aria-level=\"1\"><span style=\"font-weight: 400;\">Persistente: R\u0103m\u00e2n pe dispozitivul t\u0103u pentru o perioad\u0103 definit\u0103 (ex.: 30 de zile) sau p\u00e2n\u0103 c\u00e2nd sunt \u0219terse manual.<\/span><\/li><\/ul><h2><span style=\"font-weight: 400;\"> Ter\u021be p\u0103r\u021bi<\/span><\/h2><p><span style=\"font-weight: 400;\">Anumite cookie-uri pot fi plasate de ter\u021bi, cum ar fi:<\/span><\/p><ul><li style=\"font-weight: 400;\" aria-level=\"1\"><span style=\"font-weight: 400;\">Google Analytics: Pentru analizarea traficului \u0219i comportamentului utilizatorilor.<\/span><\/li><li style=\"font-weight: 400;\" aria-level=\"1\"><span style=\"font-weight: 400;\">Re\u021bele sociale: Pentru a-\u021bi permite s\u0103 partajezi con\u021binut direct pe platforme precum Facebook sau LinkedIn. Pentru mai multe informa\u021bii, te rug\u0103m s\u0103 consul\u021bi politicile de confiden\u021bialitate ale acestor ter\u021bi.<\/span><\/li><\/ul><h2><span style=\"font-weight: 400;\"> Consim\u021b\u0103m\u00e2ntul utilizatorului<\/span><\/h2><p><span style=\"font-weight: 400;\">Conform legisla\u021biei, cookie-urile neesen\u021biale vor fi utilizate doar cu acordul t\u0103u explicit. La prima accesare a site-ului, vei primi o notificare (banner) care \u00ee\u021bi va permite s\u0103:<\/span><\/p><ul><li style=\"font-weight: 400;\" aria-level=\"1\"><span style=\"font-weight: 400;\">Afi\u0219ezi detalii despre tipurile de cookie-uri.<\/span><\/li><li style=\"font-weight: 400;\" aria-level=\"1\"><span style=\"font-weight: 400;\">Accepti sau respingi utilizarea acestora.<\/span><\/li><\/ul><h2><span style=\"font-weight: 400;\"> Gestionarea cookie-urilor<\/span><\/h2><p><span style=\"font-weight: 400;\">Po\u021bi gestiona cookie-urile din set\u0103rile browserului t\u0103u:<\/span><\/p><ul><li style=\"font-weight: 400;\" aria-level=\"1\"><span style=\"font-weight: 400;\">Google Chrome:<\/span><ol><li style=\"font-weight: 400;\" aria-level=\"2\"><span style=\"font-weight: 400;\">Acceseaz\u0103 meniul (cele trei puncte verticale din dreapta sus).<\/span><\/li><li style=\"font-weight: 400;\" aria-level=\"2\"><span style=\"font-weight: 400;\">Selecteaz\u0103 Set\u0103ri &gt; Confiden\u021bialitate \u0219i securitate &gt; Cookie-uri \u0219i alte date despre site.<\/span><\/li><li style=\"font-weight: 400;\" aria-level=\"2\"><span style=\"font-weight: 400;\">Aici po\u021bi permite, bloca sau \u0219terge cookie-urile.<\/span><\/li><\/ol><\/li><li style=\"font-weight: 400;\" aria-level=\"1\"><span style=\"font-weight: 400;\">Mozilla Firefox:<\/span><ol><li style=\"font-weight: 400;\" aria-level=\"2\"><span style=\"font-weight: 400;\">Acceseaz\u0103 meniul (cele trei linii orizontale din dreapta sus).<\/span><\/li><li style=\"font-weight: 400;\" aria-level=\"2\"><span style=\"font-weight: 400;\">Selecteaz\u0103 Set\u0103ri &gt; Confiden\u021bialitate \u0219i securitate &gt; sec\u021biunea Cookie-uri \u0219i date despre site.<\/span><\/li><li style=\"font-weight: 400;\" aria-level=\"2\"><span style=\"font-weight: 400;\">Configureaz\u0103 preferin\u021bele privind cookie-urile sau \u0219terge datele salvate.<\/span><\/li><\/ol><\/li><li style=\"font-weight: 400;\" aria-level=\"1\"><span style=\"font-weight: 400;\">Microsoft Edge:<\/span><ol><li style=\"font-weight: 400;\" aria-level=\"2\"><span style=\"font-weight: 400;\">Acceseaz\u0103 meniul (cele trei puncte orizontale din dreapta sus).<\/span><\/li><li style=\"font-weight: 400;\" aria-level=\"2\"><span style=\"font-weight: 400;\">Selecteaz\u0103 Set\u0103ri &gt; Confiden\u021bialitate, c\u0103utare \u0219i servicii &gt; Cookie-uri \u0219i permisiuni de site.<\/span><\/li><li style=\"font-weight: 400;\" aria-level=\"2\"><span style=\"font-weight: 400;\">Alege op\u021biunile dorite pentru gestionarea cookie-urilor.<\/span><\/li><\/ol><\/li><\/ul><p><span style=\"font-weight: 400;\">Dac\u0103 utilizezi un alt browser, po\u021bi g\u0103si instruc\u021biunile \u00een sec\u021biunea de ajutor a acestuia. Re\u021bine c\u0103 restric\u021bionarea cookie-urilor poate afecta experien\u021ba pe site.<\/span><\/p><h2><span style=\"font-weight: 400;\"> Actualiz\u0103ri ale politicii<\/span><\/h2><p><span style=\"font-weight: 400;\">Ne rezerv\u0103m dreptul de a actualiza aceast\u0103 politic\u0103 periodic. Orice modificare va fi publicat\u0103 pe aceast\u0103 pagin\u0103, \u00eempreun\u0103 cu data ultimei actualiz\u0103ri.<\/span><\/p><p><span style=\"font-weight: 400;\">Ultima actualizare: 04.12.2024<\/span><\/p><h2><span style=\"font-weight: 400;\"> Contact<\/span><\/h2><p><span style=\"font-weight: 400;\">Pentru \u00eentreb\u0103ri legate de politica noastr\u0103 de cookie-uri, ne po\u021bi contacta la:<\/span><\/p><ul><li style=\"font-weight: 400;\" aria-level=\"1\"><span style=\"font-weight: 400;\">E-mail: assoc@assoc.ro<\/span><\/li><li style=\"font-weight: 400;\" aria-level=\"1\"><span style=\"font-weight: 400;\">Telefon: +40-262-222 226<\/span><\/li><\/ul>\t\t\t\t\t\t\t\t<\/div>\n\t\t\t\t<\/div>\n\t\t\t\t\t<\/div>\n\t\t\t\t<\/div>\n\t\t\t\t<\/div>\n\t\t","protected":false},"excerpt":{"rendered":"<p>Introducere Aceast\u0103 politic\u0103 explic\u0103 modul \u00een care utiliz\u0103m cookie-urile pe site-ul nostru osc.assoc.ro, scopul acestora \u0219i drepturile tale \u00een leg\u0103tur\u0103 cu utilizarea lor, conform legisla\u021biei \u00een vigoare, inclusiv Regulamentul General privind Protec\u021bia Datelor (GDPR) \u0219i legisla\u021bia rom\u00e2neasc\u0103 aplicabil\u0103. Ce sunt cookie-urile? Cookie-urile sunt fi\u0219iere mici de text stocate pe dispozitivul t\u0103u (PC, laptop, tablet\u0103, telefon [&hellip;]<\/p>\n","protected":false},"author":1,"featured_media":0,"parent":0,"menu_order":0,"comment_status":"closed","ping_status":"open","template":"","meta":{"_acf_changed":false,"footnotes":""},"class_list":["post-52","page","type-page","status-publish","hentry"],"acf":[],"yoast_head":"<!-- This site is optimized with the Yoast SEO plugin v27.3 - https:\/\/yoast.com\/product\/yoast-seo-wordpress\/ -->\n<title>Politica Cookies - OSC by Assoc<\/title>\n<meta name=\"robots\" content=\"index, follow, max-snippet:-1, max-image-preview:large, max-video-preview:-1\" \/>\n<link rel=\"canonical\" href=\"https:\/\/osc.assoc.ro\/?page_id=52\" \/>\n<meta property=\"og:locale\" content=\"ro_RO\" \/>\n<meta property=\"og:type\" content=\"article\" \/>\n<meta property=\"og:title\" content=\"Politica Cookies - OSC by Assoc\" \/>\n<meta property=\"og:description\" content=\"Introducere Aceast\u0103 politic\u0103 explic\u0103 modul \u00een care utiliz\u0103m cookie-urile pe site-ul nostru osc.assoc.ro, scopul acestora \u0219i drepturile tale \u00een leg\u0103tur\u0103 cu utilizarea lor, conform legisla\u021biei \u00een vigoare, inclusiv Regulamentul General privind Protec\u021bia Datelor (GDPR) \u0219i legisla\u021bia rom\u00e2neasc\u0103 aplicabil\u0103. Ce sunt cookie-urile? Cookie-urile sunt fi\u0219iere mici de text stocate pe dispozitivul t\u0103u (PC, laptop, tablet\u0103, telefon [&hellip;]\" \/>\n<meta property=\"og:url\" content=\"https:\/\/osc.assoc.ro\/?page_id=52\" \/>\n<meta property=\"og:site_name\" content=\"OSC by Assoc\" \/>\n<meta property=\"article:modified_time\" content=\"2024-12-05T01:24:56+00:00\" \/>\n<meta name=\"twitter:card\" content=\"summary_large_image\" \/>\n<meta name=\"twitter:label1\" content=\"Timp estimat pentru citire\" \/>\n\t<meta name=\"twitter:data1\" content=\"3 minute\" \/>\n<script type=\"application\/ld+json\" class=\"yoast-schema-graph\">{\"@context\":\"https:\\\/\\\/schema.org\",\"@graph\":[{\"@type\":\"WebPage\",\"@id\":\"https:\\\/\\\/osc.assoc.ro\\\/?page_id=52\",\"url\":\"https:\\\/\\\/osc.assoc.ro\\\/?page_id=52\",\"name\":\"Politica Cookies - OSC by Assoc\",\"isPartOf\":{\"@id\":\"https:\\\/\\\/osc.assoc.ro\\\/#website\"},\"datePublished\":\"2024-11-25T12:48:33+00:00\",\"dateModified\":\"2024-12-05T01:24:56+00:00\",\"breadcrumb\":{\"@id\":\"https:\\\/\\\/osc.assoc.ro\\\/?page_id=52#breadcrumb\"},\"inLanguage\":\"ro-RO\",\"potentialAction\":[{\"@type\":\"ReadAction\",\"target\":[\"https:\\\/\\\/osc.assoc.ro\\\/?page_id=52\"]}]},{\"@type\":\"BreadcrumbList\",\"@id\":\"https:\\\/\\\/osc.assoc.ro\\\/?page_id=52#breadcrumb\",\"itemListElement\":[{\"@type\":\"ListItem\",\"position\":1,\"name\":\"Home\",\"item\":\"https:\\\/\\\/osc.assoc.ro\\\/\"},{\"@type\":\"ListItem\",\"position\":2,\"name\":\"Politica Cookies\"}]},{\"@type\":\"WebSite\",\"@id\":\"https:\\\/\\\/osc.assoc.ro\\\/#website\",\"url\":\"https:\\\/\\\/osc.assoc.ro\\\/\",\"name\":\"OSC by Assoc\",\"description\":\"\",\"publisher\":{\"@id\":\"https:\\\/\\\/osc.assoc.ro\\\/#organization\"},\"potentialAction\":[{\"@type\":\"SearchAction\",\"target\":{\"@type\":\"EntryPoint\",\"urlTemplate\":\"https:\\\/\\\/osc.assoc.ro\\\/?s={search_term_string}\"},\"query-input\":{\"@type\":\"PropertyValueSpecification\",\"valueRequired\":true,\"valueName\":\"search_term_string\"}}],\"inLanguage\":\"ro-RO\"},{\"@type\":\"Organization\",\"@id\":\"https:\\\/\\\/osc.assoc.ro\\\/#organization\",\"name\":\"OSC by Assoc\",\"url\":\"https:\\\/\\\/osc.assoc.ro\\\/\",\"logo\":{\"@type\":\"ImageObject\",\"inLanguage\":\"ro-RO\",\"@id\":\"https:\\\/\\\/osc.assoc.ro\\\/#\\\/schema\\\/logo\\\/image\\\/\",\"url\":\"https:\\\/\\\/osc.assoc.ro\\\/wp-content\\\/uploads\\\/2024\\\/11\\\/AssocLogoNegativ-1.png\",\"contentUrl\":\"https:\\\/\\\/osc.assoc.ro\\\/wp-content\\\/uploads\\\/2024\\\/11\\\/AssocLogoNegativ-1.png\",\"width\":100,\"height\":183,\"caption\":\"OSC by Assoc\"},\"image\":{\"@id\":\"https:\\\/\\\/osc.assoc.ro\\\/#\\\/schema\\\/logo\\\/image\\\/\"}}]}<\/script>\n<!-- \/ Yoast SEO plugin. -->","yoast_head_json":{"title":"Politica Cookies - OSC by Assoc","robots":{"index":"index","follow":"follow","max-snippet":"max-snippet:-1","max-image-preview":"max-image-preview:large","max-video-preview":"max-video-preview:-1"},"canonical":"https:\/\/osc.assoc.ro\/?page_id=52","og_locale":"ro_RO","og_type":"article","og_title":"Politica Cookies - OSC by Assoc","og_description":"Introducere Aceast\u0103 politic\u0103 explic\u0103 modul \u00een care utiliz\u0103m cookie-urile pe site-ul nostru osc.assoc.ro, scopul acestora \u0219i drepturile tale \u00een leg\u0103tur\u0103 cu utilizarea lor, conform legisla\u021biei \u00een vigoare, inclusiv Regulamentul General privind Protec\u021bia Datelor (GDPR) \u0219i legisla\u021bia rom\u00e2neasc\u0103 aplicabil\u0103. Ce sunt cookie-urile? Cookie-urile sunt fi\u0219iere mici de text stocate pe dispozitivul t\u0103u (PC, laptop, tablet\u0103, telefon [&hellip;]","og_url":"https:\/\/osc.assoc.ro\/?page_id=52","og_site_name":"OSC by Assoc","article_modified_time":"2024-12-05T01:24:56+00:00","twitter_card":"summary_large_image","twitter_misc":{"Timp estimat pentru citire":"3 minute"},"schema":{"@context":"https:\/\/schema.org","@graph":[{"@type":"WebPage","@id":"https:\/\/osc.assoc.ro\/?page_id=52","url":"https:\/\/osc.assoc.ro\/?page_id=52","name":"Politica Cookies - OSC by Assoc","isPartOf":{"@id":"https:\/\/osc.assoc.ro\/#website"},"datePublished":"2024-11-25T12:48:33+00:00","dateModified":"2024-12-05T01:24:56+00:00","breadcrumb":{"@id":"https:\/\/osc.assoc.ro\/?page_id=52#breadcrumb"},"inLanguage":"ro-RO","potentialAction":[{"@type":"ReadAction","target":["https:\/\/osc.assoc.ro\/?page_id=52"]}]},{"@type":"BreadcrumbList","@id":"https:\/\/osc.assoc.ro\/?page_id=52#breadcrumb","itemListElement":[{"@type":"ListItem","position":1,"name":"Home","item":"https:\/\/osc.assoc.ro\/"},{"@type":"ListItem","position":2,"name":"Politica Cookies"}]},{"@type":"WebSite","@id":"https:\/\/osc.assoc.ro\/#website","url":"https:\/\/osc.assoc.ro\/","name":"OSC by Assoc","description":"","publisher":{"@id":"https:\/\/osc.assoc.ro\/#organization"},"potentialAction":[{"@type":"SearchAction","target":{"@type":"EntryPoint","urlTemplate":"https:\/\/osc.assoc.ro\/?s={search_term_string}"},"query-input":{"@type":"PropertyValueSpecification","valueRequired":true,"valueName":"search_term_string"}}],"inLanguage":"ro-RO"},{"@type":"Organization","@id":"https:\/\/osc.assoc.ro\/#organization","name":"OSC by Assoc","url":"https:\/\/osc.assoc.ro\/","logo":{"@type":"ImageObject","inLanguage":"ro-RO","@id":"https:\/\/osc.assoc.ro\/#\/schema\/logo\/image\/","url":"https:\/\/osc.assoc.ro\/wp-content\/uploads\/2024\/11\/AssocLogoNegativ-1.png","contentUrl":"https:\/\/osc.assoc.ro\/wp-content\/uploads\/2024\/11\/AssocLogoNegativ-1.png","width":100,"height":183,"caption":"OSC by Assoc"},"image":{"@id":"https:\/\/osc.assoc.ro\/#\/schema\/logo\/image\/"}}]}},"_links":{"self":[{"href":"https:\/\/osc.assoc.ro\/index.php?rest_route=\/wp\/v2\/pages\/52","targetHints":{"allow":["GET"]}}],"collection":[{"href":"https:\/\/osc.assoc.ro\/index.php?rest_route=\/wp\/v2\/pages"}],"about":[{"href":"https:\/\/osc.assoc.ro\/index.php?rest_route=\/wp\/v2\/types\/page"}],"author":[{"embeddable":true,"href":"https:\/\/osc.assoc.ro\/index.php?rest_route=\/wp\/v2\/users\/1"}],"replies":[{"embeddable":true,"href":"https:\/\/osc.assoc.ro\/index.php?rest_route=%2Fwp%2Fv2%2Fcomments&post=52"}],"version-history":[{"count":7,"href":"https:\/\/osc.assoc.ro\/index.php?rest_route=\/wp\/v2\/pages\/52\/revisions"}],"predecessor-version":[{"id":123,"href":"https:\/\/osc.assoc.ro\/index.php?rest_route=\/wp\/v2\/pages\/52\/revisions\/123"}],"wp:attachment":[{"href":"https:\/\/osc.assoc.ro\/index.php?rest_route=%2Fwp%2Fv2%2Fmedia&parent=52"}],"curies":[{"name":"wp","href":"https:\/\/api.w.org\/{rel}","templated":true}]}}