{"id":102,"date":"2024-12-05T00:54:14","date_gmt":"2024-12-05T00:54:14","guid":{"rendered":"https:\/\/osc.assoc.ro\/?page_id=102"},"modified":"2024-12-08T11:51:09","modified_gmt":"2024-12-08T11:51:09","slug":"despre-proiect","status":"publish","type":"page","link":"https:\/\/osc.assoc.ro\/?page_id=102","title":{"rendered":"Despre proiect"},"content":{"rendered":"\t\t<div data-elementor-type=\"wp-page\" data-elementor-id=\"102\" class=\"elementor elementor-102\" data-elementor-post-type=\"page\">\n\t\t\t\t<div class=\"elementor-element elementor-element-231e44d e-flex e-con-boxed e-con e-parent\" data-id=\"231e44d\" data-element_type=\"container\" data-e-type=\"container\" data-settings=\"{&quot;background_background&quot;:&quot;classic&quot;}\">\n\t\t\t\t\t<div class=\"e-con-inner\">\n\t\t\t\t<div class=\"elementor-element elementor-element-32c9f81 elementor-widget elementor-widget-heading\" data-id=\"32c9f81\" data-element_type=\"widget\" data-e-type=\"widget\" data-widget_type=\"heading.default\">\n\t\t\t\t<div class=\"elementor-widget-container\">\n\t\t\t\t\t<h1 class=\"elementor-heading-title elementor-size-default\">Despre proiect<\/h1>\t\t\t\t<\/div>\n\t\t\t\t<\/div>\n\t\t\t\t\t<\/div>\n\t\t\t\t<\/div>\n\t\t<div class=\"elementor-element elementor-element-dcb92fe e-flex e-con-boxed e-con e-parent\" data-id=\"dcb92fe\" data-element_type=\"container\" data-e-type=\"container\">\n\t\t\t\t\t<div class=\"e-con-inner\">\n\t\t\t\t<div class=\"elementor-element elementor-element-b2c6a1f elementor-widget elementor-widget-text-editor\" data-id=\"b2c6a1f\" data-element_type=\"widget\" data-e-type=\"widget\" data-widget_type=\"text-editor.default\">\n\t\t\t\t<div class=\"elementor-widget-container\">\n\t\t\t\t\t\t\t\t\t<h2>DETALII DEPRE PROIECT<\/h2><p><strong>Denumire proiect:<\/strong> Dialog social \u0219i parteneriate pentru Ocupare \u0219i Formare<\/p><p><strong>Cod proiect:<\/strong> PEO\/48\/PEO_P1\/OP4\/ESO4.2\/PEO_A7\/309187<\/p><p><strong>Denumirea beneficiarului:<\/strong> ASSOC &#8211; Asocia\u0163ia Profesional\u0103 Neguvernamental\u0103 de Asisten\u0163\u0103 Social\u0103<\/p><p><strong>Partener:<\/strong> FDSS &#8211; Funda\u021bia pentru Dezvoltarea Serviciilor Sociale<\/p><h2>OBIECTIVELE \u0218I SOPUL PROIECTULUI<\/h2><p><strong>OS1:<\/strong> \u00cembun\u0103t\u0103\u021birea capacit\u0103\u021bii \u0219i digitalizarea organiza\u021biilor societ\u0103\u021bii civile prin func\u021bionarea a 6 servicii digitale: Platforma de Dialog Online, Hub digital de ocupare a membrilor OSC, Platforma de management OSC, E-learning \u0219i cursuri online, Platforma membrii OSC, Centru virtual de informare \u0219i consiliere pentru carier\u0103<\/p><p><strong>OS2:<\/strong> Dezvoltarea \u0219i implementarea de parteneriate pentru ocupare \u0219i formare prin: 4 sesiuni de lucru comune\/webinarii de colaborarea cu furnizori de formare profesionala\/mediere pe piata muncii din alte jude\u021be din Rom\u00e2nia\/ centre regionale de formare profesionala, 10 parteneriate de colabore cu ONG-uri pentru a oferi servicii de consiliere, formare sau orientare c\u0103tre grupurile vulnerabile sau persoanele defavorizate, 10 sesiuni de lucru\/webinarii ce va permite realizarea schimbului de bune practici \u0219i realizarea de ac\u021biuni comune pentru consolidarea dialogului civic\/social, aderare la re\u021bele europene existente, precum European Network of Public Employment Services (PES) sau alte organiza\u021bii similare, 2 sesiuni de dezbateri locale pe tema ocup\u0103rii for\u021bei de munc\u0103 cu minim 20 de participanti\/eveniment de dezbateri la nivel local\/regional\/national, 4 workshop-uri pentru tineri, \u0219omeri, persoane \u00een c\u0103utarea unui loc de munc\u0103 la care vor participa minim 20 de participanti\/eveniment, 1 ghid cu materiale informative pentru organiza\u021bii interesate s\u0103 dezvolte parteneriate, 1 parteneriat cu institu\u021bii de \u00eenv\u0103\u021b\u0103m\u00e2nt \/ centre de formare profesional\u0103 pentru a asigura alinierea ofertei de formare cu nevoile pie\u021bei muncii, 8 colabor\u0103ri cu ONG-uri \u00een domeniul ocup\u0103rii \u0219i form\u0103rii prin implicarea ONG-urilor la bursele locurilor de munc\u0103<\/p><p><strong>OS3:<\/strong> Implicarea \u00een programe de formare a 318 participan\u021bi membrii ai OSC: 14\u00a0 participan\u021bi la cursul de Consilier vocational, COR 242315, 14\u00a0 participan\u021bi la cursul de Formator, COR 242401, 14\u00a0 participan\u021bi la cursul de Manager resurse umane, COR 121207, 168 de participan\u021bi la cursuri informale de formare continu\u0103 cu diferite tematici (Protectia drepturilor copilului \u0219i familiei, Protec\u021bia persoanelor cu dizabilit\u0103\u021bi, Protec\u021bia persoanelor v\u00e2rstnice, Integrarea social\u0103 a romilor, a altor grupuri etnice \/ sociale \/ dezavantajate, Asistenta sociala a refugiatilor) \u0219i 108 participan\u021bi la programul de formare pentru \u00eembun\u0103t\u0103\u021birea capacit\u0103\u021bii \u0219i digitalizarea organiza\u021biilor societ\u0103\u021bii civile (cu module pentru utilizare platformelor digitale asigurate prin proiect: Platforma de Dialog Online, Hub digital de ocupare a membrilor OSC, Platforma de management OSC, E-learning \u0219i cursuri online, Platforma membrii OSC, Centru virtual de informare \u0219i consiliere pentru carier\u0103)<\/p><p><strong>OS4:<\/strong> Ac\u021biuni de informare \u0219i con\u0219tientizare pentru promovarea serviciilor pie\u021bei muncii prin: 6 seminarii \/ ateliere de promovare Dialog Social \u0219i 1 evenimente de tip Dialog Social la mas\u0103 rotund\u0103<\/p><p><strong>OS5:<\/strong> Ac\u021biuni inovative pentru cre\u0219terea particip\u0103rii OSC la consolidarea dialogului civic na\u021bional \u0219i european prin: 6 seminarii \/ ateliere de promovare Dialog Civic \u0219i 1 evenimente de tip Dialog Civic la mas\u0103 rotund\u0103<\/p><h2>REZULTATELE A\u0218TEPTATE<\/h2><p><strong>6<\/strong> servicii digitale func\u021bionale \u0219i furnizate membrilor OSC: Platforma de Dialog Online, Hub digital de ocupare a membrilor OSC, Platforma de management OSC, E-learning \u0219i cursuri online, Platforma membri OSC, Centru virtual de informare \u0219i consiliere pentru carier\u0103;<\/p><p><strong>1<\/strong> Ghid pentru \u00cen\u021belegerea Politicilor Pie\u021bei Muncii \u00een context na\u021bional \u0219i european;<\/p><p><strong>1 <\/strong>Ghid de \u00cembun\u0103t\u0103\u021bire a Managementului Organiza\u021bional \u00een ONG-uri, Planificare Strategic\u0103 \u0219i Optimizare a Fluxurilor Institu\u021bionale;<\/p><p><strong>4<\/strong> sesiuni de lucru comune\/webinarii de colaborarea cu furnizori de formare profesionala \u0219i ocupare\/ centre regionale de formare profesional\u0103;<\/p><p><strong>10<\/strong> parteneriate de colaborare cu ONG-uri pentru a oferi servicii de consiliere, formare sau orientare c\u0103tre grupurile vulnerabile sau persoanele defavorizate;<\/p><p><strong>10<\/strong> sesiuni de lucru\/webinarii ce va permite realizarea schimbului de bune practici \u0219i realizarea de ac\u021biuni comune pentru consolidarea dialogului civic\/social;<\/p><p>aderare la re\u021bele europene existente, precum European Network of Public Employment Services (PES) sau alte organiza\u021bii similare;<\/p><p><strong>2<\/strong> sesiuni de dezbateri locale pe tema ocup\u0103rii for\u021bei de munc\u0103 cu minim 20 de participanti\/eveniment de dezbateri la nivel local\/regional\/national;<\/p><p><strong>4<\/strong> workshop-uri pentru tineri, \u0219omeri, persoane \u00een c\u0103utarea unui loc de munc\u0103 la care vor participa minim 20 de participanti\/eveniment;<\/p><p><strong>1<\/strong> ghid cu materiale informative pentru organiza\u021bii interesate s\u0103 dezvolte parteneriate;<\/p><p><strong>1<\/strong> parteneriat cu institu\u021bii de \u00eenv\u0103\u021b\u0103m\u00e2nt\/centre de formare profesional\u0103 pentru a asigura alinierea ofertei de formare cu nevoile pie\u021bei muncii;<\/p><p><strong>8<\/strong> colabor\u0103ri cu ONG-uri \u00een domeniul ocup\u0103rii \u0219i form\u0103rii prin implicarea ONG-urilor la bursele locurilor de munc\u0103;<\/p><p><strong>32 <\/strong>ONG-uri active care \u0219i-au consolidat capacitatea \u0219i au dezvoltat activit\u0103\u021bi specifice pie\u021bei muncii, \u00een perioada de implementare a proiectului;<\/p><p><strong>318 <\/strong>Persoane fizice ce fac parte din GT al proiectului \u0219i particip\u0103 la programe de preg\u0103tire;<\/p><p><strong>310 <\/strong>Persoane fizice din GT care au fost certificate;<\/p><p><strong>6 <\/strong>seminarii \/ ateliere de promovare Dialog Social;<\/p><p><strong>1 <\/strong>evenimente de tip Dialog Social la mas\u0103 rotund\u0103;<\/p><p><strong>6 <\/strong>seminarii \/ ateliere de promovare Dialog Civic;<\/p><p><strong>1 <\/strong>evenimente de tip Dialog Civic la mas\u0103 rotund\u0103.<\/p><h2>VALOARE PROIECTULUI<\/h2><p><strong>Valoarea total\u0103 a proiectului:\u00a0<\/strong> 4,962,889.00 lei<\/p><p><strong>Valoarea cofinan\u021b\u0103rii UE:<\/strong> 4,218,455.65 lei<\/p><h2>PERIOADA PROIECTULUI<\/h2><p><strong>Data de incepere a proiectului:<\/strong> 01.06.2024<\/p><p><strong>Data de finalizare a proiectului:<\/strong> 31.05.2026<\/p>\t\t\t\t\t\t\t\t<\/div>\n\t\t\t\t<\/div>\n\t\t\t\t\t<\/div>\n\t\t\t\t<\/div>\n\t\t\t\t<\/div>\n\t\t","protected":false},"excerpt":{"rendered":"<p>DETALII DEPRE PROIECT Denumire proiect: Dialog social \u0219i parteneriate pentru Ocupare \u0219i Formare Cod proiect: PEO\/48\/PEO_P1\/OP4\/ESO4.2\/PEO_A7\/309187 Denumirea beneficiarului: ASSOC &#8211; Asocia\u0163ia Profesional\u0103 Neguvernamental\u0103 de Asisten\u0163\u0103 Social\u0103 Partener: FDSS &#8211; Funda\u021bia pentru Dezvoltarea Serviciilor Sociale OBIECTIVELE \u0218I SOPUL PROIECTULUI OS1: \u00cembun\u0103t\u0103\u021birea capacit\u0103\u021bii \u0219i digitalizarea organiza\u021biilor societ\u0103\u021bii civile prin func\u021bionarea a 6 servicii digitale: Platforma de Dialog [&hellip;]<\/p>\n","protected":false},"author":1,"featured_media":0,"parent":0,"menu_order":0,"comment_status":"closed","ping_status":"open","template":"","meta":{"_acf_changed":false,"footnotes":""},"class_list":["post-102","page","type-page","status-publish","hentry"],"acf":[],"yoast_head":"<!-- This site is optimized with the Yoast SEO plugin v27.3 - https:\/\/yoast.com\/product\/yoast-seo-wordpress\/ -->\n<title>Despre proiect - OSC by Assoc<\/title>\n<meta name=\"robots\" content=\"index, follow, max-snippet:-1, max-image-preview:large, max-video-preview:-1\" \/>\n<link rel=\"canonical\" href=\"https:\/\/osc.assoc.ro\/?page_id=102\" \/>\n<meta property=\"og:locale\" content=\"ro_RO\" \/>\n<meta property=\"og:type\" content=\"article\" \/>\n<meta property=\"og:title\" content=\"Despre proiect - OSC by Assoc\" \/>\n<meta property=\"og:description\" content=\"DETALII DEPRE PROIECT Denumire proiect: Dialog social \u0219i parteneriate pentru Ocupare \u0219i Formare Cod proiect: PEO\/48\/PEO_P1\/OP4\/ESO4.2\/PEO_A7\/309187 Denumirea beneficiarului: ASSOC &#8211; Asocia\u0163ia Profesional\u0103 Neguvernamental\u0103 de Asisten\u0163\u0103 Social\u0103 Partener: FDSS &#8211; Funda\u021bia pentru Dezvoltarea Serviciilor Sociale OBIECTIVELE \u0218I SOPUL PROIECTULUI OS1: \u00cembun\u0103t\u0103\u021birea capacit\u0103\u021bii \u0219i digitalizarea organiza\u021biilor societ\u0103\u021bii civile prin func\u021bionarea a 6 servicii digitale: Platforma de Dialog [&hellip;]\" \/>\n<meta property=\"og:url\" content=\"https:\/\/osc.assoc.ro\/?page_id=102\" \/>\n<meta property=\"og:site_name\" content=\"OSC by Assoc\" \/>\n<meta property=\"article:modified_time\" content=\"2024-12-08T11:51:09+00:00\" \/>\n<meta name=\"twitter:card\" content=\"summary_large_image\" \/>\n<meta name=\"twitter:label1\" content=\"Timp estimat pentru citire\" \/>\n\t<meta name=\"twitter:data1\" content=\"4 minute\" \/>\n<script type=\"application\/ld+json\" class=\"yoast-schema-graph\">{\"@context\":\"https:\\\/\\\/schema.org\",\"@graph\":[{\"@type\":\"WebPage\",\"@id\":\"https:\\\/\\\/osc.assoc.ro\\\/?page_id=102\",\"url\":\"https:\\\/\\\/osc.assoc.ro\\\/?page_id=102\",\"name\":\"Despre proiect - OSC by Assoc\",\"isPartOf\":{\"@id\":\"https:\\\/\\\/osc.assoc.ro\\\/#website\"},\"datePublished\":\"2024-12-05T00:54:14+00:00\",\"dateModified\":\"2024-12-08T11:51:09+00:00\",\"breadcrumb\":{\"@id\":\"https:\\\/\\\/osc.assoc.ro\\\/?page_id=102#breadcrumb\"},\"inLanguage\":\"ro-RO\",\"potentialAction\":[{\"@type\":\"ReadAction\",\"target\":[\"https:\\\/\\\/osc.assoc.ro\\\/?page_id=102\"]}]},{\"@type\":\"BreadcrumbList\",\"@id\":\"https:\\\/\\\/osc.assoc.ro\\\/?page_id=102#breadcrumb\",\"itemListElement\":[{\"@type\":\"ListItem\",\"position\":1,\"name\":\"Home\",\"item\":\"https:\\\/\\\/osc.assoc.ro\\\/\"},{\"@type\":\"ListItem\",\"position\":2,\"name\":\"Despre proiect\"}]},{\"@type\":\"WebSite\",\"@id\":\"https:\\\/\\\/osc.assoc.ro\\\/#website\",\"url\":\"https:\\\/\\\/osc.assoc.ro\\\/\",\"name\":\"OSC by Assoc\",\"description\":\"\",\"publisher\":{\"@id\":\"https:\\\/\\\/osc.assoc.ro\\\/#organization\"},\"potentialAction\":[{\"@type\":\"SearchAction\",\"target\":{\"@type\":\"EntryPoint\",\"urlTemplate\":\"https:\\\/\\\/osc.assoc.ro\\\/?s={search_term_string}\"},\"query-input\":{\"@type\":\"PropertyValueSpecification\",\"valueRequired\":true,\"valueName\":\"search_term_string\"}}],\"inLanguage\":\"ro-RO\"},{\"@type\":\"Organization\",\"@id\":\"https:\\\/\\\/osc.assoc.ro\\\/#organization\",\"name\":\"OSC by Assoc\",\"url\":\"https:\\\/\\\/osc.assoc.ro\\\/\",\"logo\":{\"@type\":\"ImageObject\",\"inLanguage\":\"ro-RO\",\"@id\":\"https:\\\/\\\/osc.assoc.ro\\\/#\\\/schema\\\/logo\\\/image\\\/\",\"url\":\"https:\\\/\\\/osc.assoc.ro\\\/wp-content\\\/uploads\\\/2024\\\/11\\\/AssocLogoNegativ-1.png\",\"contentUrl\":\"https:\\\/\\\/osc.assoc.ro\\\/wp-content\\\/uploads\\\/2024\\\/11\\\/AssocLogoNegativ-1.png\",\"width\":100,\"height\":183,\"caption\":\"OSC by Assoc\"},\"image\":{\"@id\":\"https:\\\/\\\/osc.assoc.ro\\\/#\\\/schema\\\/logo\\\/image\\\/\"}}]}<\/script>\n<!-- \/ Yoast SEO plugin. -->","yoast_head_json":{"title":"Despre proiect - OSC by Assoc","robots":{"index":"index","follow":"follow","max-snippet":"max-snippet:-1","max-image-preview":"max-image-preview:large","max-video-preview":"max-video-preview:-1"},"canonical":"https:\/\/osc.assoc.ro\/?page_id=102","og_locale":"ro_RO","og_type":"article","og_title":"Despre proiect - OSC by Assoc","og_description":"DETALII DEPRE PROIECT Denumire proiect: Dialog social \u0219i parteneriate pentru Ocupare \u0219i Formare Cod proiect: PEO\/48\/PEO_P1\/OP4\/ESO4.2\/PEO_A7\/309187 Denumirea beneficiarului: ASSOC &#8211; Asocia\u0163ia Profesional\u0103 Neguvernamental\u0103 de Asisten\u0163\u0103 Social\u0103 Partener: FDSS &#8211; Funda\u021bia pentru Dezvoltarea Serviciilor Sociale OBIECTIVELE \u0218I SOPUL PROIECTULUI OS1: \u00cembun\u0103t\u0103\u021birea capacit\u0103\u021bii \u0219i digitalizarea organiza\u021biilor societ\u0103\u021bii civile prin func\u021bionarea a 6 servicii digitale: Platforma de Dialog [&hellip;]","og_url":"https:\/\/osc.assoc.ro\/?page_id=102","og_site_name":"OSC by Assoc","article_modified_time":"2024-12-08T11:51:09+00:00","twitter_card":"summary_large_image","twitter_misc":{"Timp estimat pentru citire":"4 minute"},"schema":{"@context":"https:\/\/schema.org","@graph":[{"@type":"WebPage","@id":"https:\/\/osc.assoc.ro\/?page_id=102","url":"https:\/\/osc.assoc.ro\/?page_id=102","name":"Despre proiect - OSC by Assoc","isPartOf":{"@id":"https:\/\/osc.assoc.ro\/#website"},"datePublished":"2024-12-05T00:54:14+00:00","dateModified":"2024-12-08T11:51:09+00:00","breadcrumb":{"@id":"https:\/\/osc.assoc.ro\/?page_id=102#breadcrumb"},"inLanguage":"ro-RO","potentialAction":[{"@type":"ReadAction","target":["https:\/\/osc.assoc.ro\/?page_id=102"]}]},{"@type":"BreadcrumbList","@id":"https:\/\/osc.assoc.ro\/?page_id=102#breadcrumb","itemListElement":[{"@type":"ListItem","position":1,"name":"Home","item":"https:\/\/osc.assoc.ro\/"},{"@type":"ListItem","position":2,"name":"Despre proiect"}]},{"@type":"WebSite","@id":"https:\/\/osc.assoc.ro\/#website","url":"https:\/\/osc.assoc.ro\/","name":"OSC by Assoc","description":"","publisher":{"@id":"https:\/\/osc.assoc.ro\/#organization"},"potentialAction":[{"@type":"SearchAction","target":{"@type":"EntryPoint","urlTemplate":"https:\/\/osc.assoc.ro\/?s={search_term_string}"},"query-input":{"@type":"PropertyValueSpecification","valueRequired":true,"valueName":"search_term_string"}}],"inLanguage":"ro-RO"},{"@type":"Organization","@id":"https:\/\/osc.assoc.ro\/#organization","name":"OSC by Assoc","url":"https:\/\/osc.assoc.ro\/","logo":{"@type":"ImageObject","inLanguage":"ro-RO","@id":"https:\/\/osc.assoc.ro\/#\/schema\/logo\/image\/","url":"https:\/\/osc.assoc.ro\/wp-content\/uploads\/2024\/11\/AssocLogoNegativ-1.png","contentUrl":"https:\/\/osc.assoc.ro\/wp-content\/uploads\/2024\/11\/AssocLogoNegativ-1.png","width":100,"height":183,"caption":"OSC by Assoc"},"image":{"@id":"https:\/\/osc.assoc.ro\/#\/schema\/logo\/image\/"}}]}},"_links":{"self":[{"href":"https:\/\/osc.assoc.ro\/index.php?rest_route=\/wp\/v2\/pages\/102","targetHints":{"allow":["GET"]}}],"collection":[{"href":"https:\/\/osc.assoc.ro\/index.php?rest_route=\/wp\/v2\/pages"}],"about":[{"href":"https:\/\/osc.assoc.ro\/index.php?rest_route=\/wp\/v2\/types\/page"}],"author":[{"embeddable":true,"href":"https:\/\/osc.assoc.ro\/index.php?rest_route=\/wp\/v2\/users\/1"}],"replies":[{"embeddable":true,"href":"https:\/\/osc.assoc.ro\/index.php?rest_route=%2Fwp%2Fv2%2Fcomments&post=102"}],"version-history":[{"count":10,"href":"https:\/\/osc.assoc.ro\/index.php?rest_route=\/wp\/v2\/pages\/102\/revisions"}],"predecessor-version":[{"id":152,"href":"https:\/\/osc.assoc.ro\/index.php?rest_route=\/wp\/v2\/pages\/102\/revisions\/152"}],"wp:attachment":[{"href":"https:\/\/osc.assoc.ro\/index.php?rest_route=%2Fwp%2Fv2%2Fmedia&parent=102"}],"curies":[{"name":"wp","href":"https:\/\/api.w.org\/{rel}","templated":true}]}}